{"id":6481,"date":"2025-12-01T10:38:30","date_gmt":"2025-12-01T09:38:30","guid":{"rendered":"https:\/\/koukano.geek-tonic.dev\/pas-cher-gorges-du-tarn\/"},"modified":"2026-01-06T11:17:08","modified_gmt":"2026-01-06T10:17:08","slug":"ofertas-gorges-du-tarn","status":"publish","type":"page","link":"https:\/\/www.koukano.fr\/es\/camping-tarn\/gargantas-del-tarn\/ofertas-gorges-du-tarn\/","title":{"rendered":"Gargantas del Tarn baratas"},"content":{"rendered":"\n<section class=\"wp-block-group home-one has-global-padding is-layout-constrained wp-block-group-is-layout-constrained\" style=\"border-top-left-radius:30px;border-top-right-radius:30px;padding-top:7rem;padding-bottom:0\">\n<div class=\"wp-block-group is-layout-flow wp-block-group-is-layout-flow\">\n<div class=\"wp-block-group compo-title has-global-padding is-content-justification-right is-layout-constrained wp-container-core-group-is-layout-f1f2ed93 wp-block-group-is-layout-constrained\">\n<h1 class=\"wp-block-heading has-custom-color-4-color has-text-color has-link-color wp-elements-62446368e3756a8dc535b98cf9e858b8\" style=\"text-transform:uppercase\"><strong>Le Koukano, un camping barato en las Gargantas del Tarn<\/strong> <\/h1>\n<\/div>\n\n\n\n<div class=\"wp-block-group is-layout-flow wp-block-group-is-layout-flow\">\n<div class=\"wp-block-group top-img is-nowrap is-layout-flex wp-container-core-group-is-layout-6c531013 wp-block-group-is-layout-flex\">\n<figure class=\"wp-block-image size-full has-custom-border solo-img reveal\"><img decoding=\"async\" width=\"2000\" height=\"1216\" src=\"https:\/\/www.koukano.fr\/wp-content\/uploads\/2025\/12\/koukano-mobil-homes-en-location-en-aquitaine-e1765190781783.jpg\" alt=\"alquiler de mobil homes koukano en aquitaine\" class=\"wp-image-2880\" style=\"border-radius:0px\" srcset=\"https:\/\/www.koukano.fr\/wp-content\/uploads\/2025\/12\/koukano-mobil-homes-en-location-en-aquitaine-e1765190781783.jpg 2000w, https:\/\/www.koukano.fr\/wp-content\/uploads\/2025\/12\/koukano-mobil-homes-en-location-en-aquitaine-e1765190781783-300x182.jpg 300w, https:\/\/www.koukano.fr\/wp-content\/uploads\/2025\/12\/koukano-mobil-homes-en-location-en-aquitaine-e1765190781783-1024x623.jpg 1024w, https:\/\/www.koukano.fr\/wp-content\/uploads\/2025\/12\/koukano-mobil-homes-en-location-en-aquitaine-e1765190781783-768x467.jpg 768w, https:\/\/www.koukano.fr\/wp-content\/uploads\/2025\/12\/koukano-mobil-homes-en-location-en-aquitaine-e1765190781783-1536x934.jpg 1536w\" sizes=\"(max-width: 2000px) 100vw, 2000px\" \/><\/figure>\n\n\n\n<div class=\"wp-block-group img-slide-right has-global-padding is-layout-constrained wp-block-group-is-layout-constrained\">\n<figure class=\"wp-block-image alignright size-large first\" style=\"margin-bottom:5rem\"><img decoding=\"async\" width=\"136\" height=\"131\" src=\"https:\/\/www.koukano.fr\/wp-content\/uploads\/2025\/11\/Vector-19.svg\" alt=\"Vector\" class=\"wp-image-674\"\/><\/figure>\n\n\n\n<figure class=\"wp-block-image size-full has-custom-border last reveal-reverse\"><img decoding=\"async\" width=\"2000\" height=\"1125\" src=\"https:\/\/www.koukano.fr\/wp-content\/uploads\/2025\/12\/domaine-de-koukano.jpg\" alt=\"finca koukano\" class=\"wp-image-3379\" style=\"border-radius:0px\" srcset=\"https:\/\/www.koukano.fr\/wp-content\/uploads\/2025\/12\/domaine-de-koukano.jpg 2000w, https:\/\/www.koukano.fr\/wp-content\/uploads\/2025\/12\/domaine-de-koukano-300x169.jpg 300w, https:\/\/www.koukano.fr\/wp-content\/uploads\/2025\/12\/domaine-de-koukano-1024x576.jpg 1024w, https:\/\/www.koukano.fr\/wp-content\/uploads\/2025\/12\/domaine-de-koukano-768x432.jpg 768w, https:\/\/www.koukano.fr\/wp-content\/uploads\/2025\/12\/domaine-de-koukano-1536x864.jpg 1536w\" sizes=\"(max-width: 2000px) 100vw, 2000px\" \/><\/figure>\n<\/div>\n<\/div>\n<\/div>\n<\/div>\n\n\n\n<div class=\"wp-block-group bottom is-nowrap is-layout-flex wp-container-core-group-is-layout-6c531013 wp-block-group-is-layout-flex\">\n<div class=\"wp-block-columns is-layout-flex wp-container-core-columns-is-layout-28f84493 wp-block-columns-is-layout-flex\">\n<div class=\"wp-block-column is-vertically-aligned-center left is-layout-flow wp-block-column-is-layout-flow\" style=\"flex-basis:40%\">\n<figure class=\"wp-block-image alignleft size-large maison\"><img decoding=\"async\" width=\"1024\" height=\"1024\" src=\"https:\/\/www.koukano.fr\/wp-content\/uploads\/2025\/11\/maison_koukano2_1_b19a3d.svg\" alt=\"maison_koukano2_1_b19a3d\" class=\"wp-image-189\"\/><\/figure>\n<\/div>\n\n\n\n<div class=\"wp-block-column right is-layout-flow wp-block-column-is-layout-flow\" style=\"flex-basis:60%\">\n<p class=\"has-custom-color-1-color has-text-color has-link-color wp-elements-ac72eb367c999c27039b2b92885abfa9\" style=\"padding-top:var(--wp--preset--spacing--10);padding-right:var(--wp--preset--spacing--30);line-height:1.8\">Para tus pr\u00f3ximas vacaciones, d\u00e9jate tentar por unas vacaciones promocionales en un <strong>camping barato de 4 estrellas en las Gargantas del Tarn<\/strong>. En el Domaine du Koukano****, la calidad est\u00e1 al alcance de todos, con servicios de alta gama a precios asequibles. Comodidad, amabilidad y un entorno relajante son las consignas que este camping <strong>barato de las Gargantas del<\/strong> Tarn propone para garantizar el \u00e9xito de tu escapada al aire libre.  <\/p>\n<\/div>\n<\/div>\n<\/div>\n<\/section>\n\n<section class=\"wp-block-group home-third bis ter is-layout-flow wp-block-group-is-layout-flow\">\n<div class=\"wp-block-group top is-layout-flow wp-block-group-is-layout-flow\">\n<div class=\"wp-block-group is-layout-flow wp-block-group-is-layout-flow\">\n<div data-swiper=\"{&quot;speed&quot;:1000,&quot;autoplay&quot;:{&quot;delay&quot;:5000,&quot;disableOnInteraction&quot;:false},&quot;spaceBetween&quot;:0,&quot;slidesPerView&quot;:1,&quot;pagination&quot;:{&quot;el&quot;:&quot;.swiper-pagination&quot;,&quot;dynamicBullets&quot;:true,&quot;clickable&quot;:true,&quot;type&quot;:&quot;bullets&quot;},&quot;navigation&quot;:{&quot;nextEl&quot;:&quot;.swiper-button-next&quot;,&quot;prevEl&quot;:&quot;.swiper-button-prev&quot;},&quot;breakpoints&quot;:[{&quot;slidesPerView&quot;:1}]}\" class=\"wp-block-cover has-custom-content-position is-position-bottom-left\" style=\"min-height:100vh;aspect-ratio:unset;\"><img decoding=\"async\" width=\"2000\" height=\"1333\" class=\"wp-block-cover__image-background wp-image-3525 size-full\" alt=\"location mobil home proche de touluse\" src=\"https:\/\/www.koukano.fr\/wp-content\/uploads\/2025\/12\/location-mobil-home-proche-de-touluse.jpg\" data-object-fit=\"cover\" srcset=\"https:\/\/www.koukano.fr\/wp-content\/uploads\/2025\/12\/location-mobil-home-proche-de-touluse.jpg 2000w, https:\/\/www.koukano.fr\/wp-content\/uploads\/2025\/12\/location-mobil-home-proche-de-touluse-300x200.jpg 300w, https:\/\/www.koukano.fr\/wp-content\/uploads\/2025\/12\/location-mobil-home-proche-de-touluse-1024x682.jpg 1024w, https:\/\/www.koukano.fr\/wp-content\/uploads\/2025\/12\/location-mobil-home-proche-de-touluse-768x512.jpg 768w, https:\/\/www.koukano.fr\/wp-content\/uploads\/2025\/12\/location-mobil-home-proche-de-touluse-1536x1024.jpg 1536w\" sizes=\"(max-width: 2000px) 100vw, 2000px\" \/><span aria-hidden=\"true\" class=\"wp-block-cover__background has-background-dim-100 has-background-dim wp-block-cover__gradient-background has-background-gradient\" style=\"background:linear-gradient(93deg,rgba(7,146,227,0) 0%,rgb(0,0,0) 100%)\"><\/span><div class=\"wp-block-cover__inner-container is-layout-flow wp-block-cover-is-layout-flow\">\n<p class=\"has-text-align-center has-large-font-size\"><\/p>\n<\/div><\/div>\n<\/div>\n\n\n\n<div class=\"wp-block-columns bottom-slider-text is-layout-flex wp-container-core-columns-is-layout-28f84493 wp-block-columns-is-layout-flex\">\n<div class=\"wp-block-column is-vertically-aligned-bottom is-layout-flow wp-block-column-is-layout-flow\" style=\"flex-basis:40%\">\n<p class=\"h1-like has-base-2-color has-text-color has-link-color has-righteous-font-family wp-elements-10e81e197e69c9f08d8529ec75a698aa\" style=\"font-size:clamp(78.86px, 4.929rem + ((1vw - 3.2px) * 8.223), 180px);font-style:normal;font-weight:400;line-height:0.8\"><span>Un refugio <\/span>natural!<\/p>\n<\/div>\n\n\n\n<div class=\"wp-block-column is-vertically-aligned-center is-layout-flow wp-block-column-is-layout-flow\" style=\"flex-basis:40%\">\n<div class=\"wp-block-group has-global-padding is-layout-constrained wp-block-group-is-layout-constrained\" style=\"padding-top:0\">\n<h2 class=\"wp-block-heading has-base-2-color has-text-color has-link-color wp-elements-bb2a7789962cfd1317f6ea838f9da41e\" style=\"line-height:1;text-transform:uppercase\"><strong>Alquila una casa m\u00f3vil barata <\/strong>en las Gargantas del Tarn<\/h2>\n\n\n\n<p class=\"has-base-2-color has-text-color has-link-color wp-elements-19f67b37383c067ba0a5435be0633028\">Cuando dejes tus maletas en el <strong>camping barato<\/strong> de <strong>las Gargantas del<\/strong> Tarn, tendr\u00e1s garantizada la m\u00e1xima elecci\u00f3n en cuanto a alojamiento econ\u00f3mico. Para facilitarte al m\u00e1ximo tus vacaciones, la finca Koukano**** te ofrece su <strong>alquiler barato de mobil homes en las Gargantas del Tarn<\/strong> para que disfrutes a diario de la m\u00e1xima comodidad. Lujo a un precio asequible, eso es lo que obtendr\u00e1s al elegir el amplio y encantador mobil-home Evo 35 de 3 dormitorios, con capacidad para 6 personas.    <\/p>\n\n\n\n<p class=\"has-base-2-color has-text-color has-link-color wp-elements-640bc71368628b2851f2f98737c738cb\">Con sus habitaciones con aire acondicionado, amplio sal\u00f3n, cocina totalmente equipada, cuarto de ducha independiente y wc, esta casa m\u00f3vil tiene todo lo que necesitas para pasar unas vacaciones estupendas. Tambi\u00e9n hay una bonita terraza de madera donde podr\u00e1s alternar el relax con la diversi\u00f3n en familia. En resumen, un alojamiento de alquiler excepcional al mejor precio te espera en este camping de las <a href=\"https:\/\/www.koukano.fr\/es\/camping-tarn\/gargantas-del-tarn\/\" data-type=\"page\" data-id=\"1095\">Gargantas del Tarn<\/a>.  <\/p>\n<\/div>\n<\/div>\n<\/div>\n<\/div>\n<\/section>\n\n<section class=\"wp-block-group home-one bis has-global-padding is-layout-constrained wp-block-group-is-layout-constrained\" style=\"border-top-left-radius:30px;border-top-right-radius:30px;margin-top:0em;padding-top:var(--wp--preset--spacing--50);padding-bottom:var(--wp--preset--spacing--60)\">\n<div class=\"wp-block-group top-img is-nowrap is-layout-flex wp-container-core-group-is-layout-6c531013 wp-block-group-is-layout-flex\">\n<figure class=\"wp-block-image size-full has-custom-border solo-img reveal\"><img decoding=\"async\" width=\"1600\" height=\"885\" src=\"https:\/\/www.koukano.fr\/wp-content\/uploads\/2025\/12\/location-emplacement-pas-cher-dans-le-tarn-sebastien-lange-1-e1765278697602.jpg\" alt=\"location pas cher dans le tarn - sebastien lange\" class=\"wp-image-3566\" style=\"border-radius:0px;aspect-ratio:16\/9;object-fit:cover\" srcset=\"https:\/\/www.koukano.fr\/wp-content\/uploads\/2025\/12\/location-emplacement-pas-cher-dans-le-tarn-sebastien-lange-1-e1765278697602.jpg 1600w, https:\/\/www.koukano.fr\/wp-content\/uploads\/2025\/12\/location-emplacement-pas-cher-dans-le-tarn-sebastien-lange-1-e1765278697602-300x166.jpg 300w, https:\/\/www.koukano.fr\/wp-content\/uploads\/2025\/12\/location-emplacement-pas-cher-dans-le-tarn-sebastien-lange-1-e1765278697602-1024x566.jpg 1024w, https:\/\/www.koukano.fr\/wp-content\/uploads\/2025\/12\/location-emplacement-pas-cher-dans-le-tarn-sebastien-lange-1-e1765278697602-768x425.jpg 768w, https:\/\/www.koukano.fr\/wp-content\/uploads\/2025\/12\/location-emplacement-pas-cher-dans-le-tarn-sebastien-lange-1-e1765278697602-1536x850.jpg 1536w\" sizes=\"(max-width: 1600px) 100vw, 1600px\" \/><\/figure>\n\n\n\n<div class=\"wp-block-group img-slide-right has-global-padding is-layout-constrained wp-block-group-is-layout-constrained\">\n<figure class=\"wp-block-image alignright size-full first wp-duotone-25dbd5-ffffff-1\" style=\"margin-bottom:5rem\"><img decoding=\"async\" width=\"512\" height=\"512\" src=\"https:\/\/www.koukano.fr\/wp-content\/uploads\/2025\/12\/caravane-1.svg\" alt=\"caravana\" class=\"wp-image-3570\"\/><\/figure>\n\n\n\n<figure class=\"wp-block-image size-full has-custom-border last reveal-reverse\"><img decoding=\"async\" width=\"2000\" height=\"1141\" src=\"https:\/\/www.koukano.fr\/wp-content\/uploads\/2025\/12\/Location-emplacement-camping-en-Occitaine.jpg\" alt=\"Alquiler de parcelas de camping en Occitaine\" class=\"wp-image-2893\" style=\"border-radius:0px;aspect-ratio:16\/9;object-fit:cover\" srcset=\"https:\/\/www.koukano.fr\/wp-content\/uploads\/2025\/12\/Location-emplacement-camping-en-Occitaine.jpg 2000w, https:\/\/www.koukano.fr\/wp-content\/uploads\/2025\/12\/Location-emplacement-camping-en-Occitaine-300x171.jpg 300w, https:\/\/www.koukano.fr\/wp-content\/uploads\/2025\/12\/Location-emplacement-camping-en-Occitaine-1024x584.jpg 1024w, https:\/\/www.koukano.fr\/wp-content\/uploads\/2025\/12\/Location-emplacement-camping-en-Occitaine-768x438.jpg 768w, https:\/\/www.koukano.fr\/wp-content\/uploads\/2025\/12\/Location-emplacement-camping-en-Occitaine-1536x876.jpg 1536w\" sizes=\"(max-width: 2000px) 100vw, 2000px\" \/><\/figure>\n<\/div>\n<\/div>\n\n\n\n<div class=\"wp-block-columns is-layout-flex wp-container-core-columns-is-layout-28f84493 wp-block-columns-is-layout-flex\">\n<div class=\"wp-block-column is-vertically-aligned-center left is-layout-flow wp-block-column-is-layout-flow\" style=\"padding-right:0;padding-left:0\">\n<p class=\"h1-like has-custom-color-7-color has-text-color has-link-color has-righteous-font-family wp-elements-8cb21a093d47c2dcacbf4c9178011b05\" style=\"font-size:clamp(72.137px, 4.509rem + ((1vw - 3.2px) * 7.143), 160px);font-style:normal;font-weight:400;line-height:0.7\"><span style=\"color: rgb(35, 109, 133);\">Noche <\/span>bajo las estrellas<br\/><\/p>\n<\/div>\n\n\n\n<div class=\"wp-block-column right is-layout-flow wp-block-column-is-layout-flow\">\n<div class=\"wp-block-group compo-title has-global-padding is-content-justification-right is-layout-constrained wp-container-core-group-is-layout-9314f539 wp-block-group-is-layout-constrained\" style=\"padding-top:var(--wp--preset--spacing--30)\">\n<h2 class=\"wp-block-heading has-custom-color-4-color has-text-color has-link-color wp-elements-f89b90b5409f2b74d8971992d843a7c5\" style=\"text-transform:uppercase\"><strong>Parcelas de camping con descuento en las Gargantas del Tarn<\/strong><\/h2>\n\n\n\n<p class=\"has-custom-color-1-color has-text-color\" style=\"padding-top:var(--wp--preset--spacing--10)\">Situado en plena campi\u00f1a del Tarn, el <a href=\"https:\/\/www.koukano.fr\/es\/camping-tarn\/\" data-type=\"page\" data-id=\"34\">Domaine du Koukano****<\/a> ofrece un ambiente tranquilo y frondoso, perfecto para acampar en la naturaleza. En este <strong>camping econ\u00f3mico de las Gargantas del Tarn<\/strong>, encontrar\u00e1s la parcela adecuada para aparcar tu caravana o montar tu tienda en una zona de hierba, a la sombra o al sol. <\/p>\n\n\n\n<p>Si quieres m\u00e1s espacio, tambi\u00e9n puedes optar por una parcela de 100 metros cuadrados o m\u00e1s, con conexi\u00f3n el\u00e9ctrica. Y para garantizar la m\u00e1xima comodidad, todas las parcelas tienen acceso a una toma de agua a pocos metros. Los bloques sanitarios, el \u00e1rea de servicio para autocaravanas, las instalaciones de ocio y las tiendas est\u00e1n al alcance de la mano.  <\/p>\n\n\n\n<p class=\"has-custom-color-1-color has-text-color\" style=\"padding-top:var(--wp--preset--spacing--10)\">Para pasar unas buenas vacaciones en un <a href=\"https:\/\/www.koukano.fr\/es\/camping-tarn\/barato\/\" data-type=\"page\" data-id=\"118\">camping barato en el Tarn<\/a>, has elegido bien el Domaine du Koukano, tanto si buscas un <a href=\"https:\/\/www.koukano.fr\/es\/camping-tarn\/camping-toulouse\/camping-barato-toulouse\/\" data-type=\"page\" data-id=\"1237\">camping barato cerca de Toulouse<\/a> como un <a href=\"https:\/\/www.koukano.fr\/es\/camping-tarn\/camping-barato-albi\/\" data-type=\"page\" data-id=\"1087\">camping barato cerca de Albi<\/a>.<\/p>\n<\/div>\n<\/div>\n<\/div>\n<\/section>\n\n<section class=\"wp-block-group page-maillage has-global-padding is-layout-constrained wp-block-group-is-layout-constrained\" style=\"padding-top:var(--wp--preset--spacing--50);padding-bottom:var(--wp--preset--spacing--60)\">\n<p class=\"has-custom-color-4-color has-text-color has-link-color has-righteous-font-family wp-elements-9520b3826b6fc062461d7706a5c901e3\" style=\"margin-right:0;margin-left:0;font-size:clamp(1.403rem, 1.403rem + ((1vw - 0.2rem) * 1.167), 2.3rem);text-transform:uppercase\"><strong>Descubre<\/strong> las gargantas del tarn, la orilla del lago y las casas m\u00f3viles  <\/p>\n\n\n\n<div data-wp-context=\"{}\" data-wp-interactive=\"core\/query\" data-wp-key=\"9\" data-wp-router-region=\"query-9\" class=\"wp-block-query alignwide gt-fse-maillage-query is-layout-flow wp-block-query-is-layout-flow\"><ul class=\"wp-block-post-template is-layout-flow wp-block-post-template-is-layout-flow\"><li data-wp-key=\"post-template-item-6483\" class=\"wp-block-post post-6483 page type-page status-publish has-post-thumbnail hentry\">\n\n<figure class=\"wp-block-image\"><img decoding=\"async\" src=\"https:\/\/www.koukano.fr\/wp-content\/uploads\/2025\/12\/lac-dans-la-foret.jpg\" alt=\"\"\/><\/figure>\n\n\n\n<p class=\"maillage-title has-base-2-color has-text-color has-link-color has-righteous-font-family wp-elements-993673a9ba0e25265c168c6f68d27d3c\" style=\"font-size:clamp(20.515px, 1.282rem + ((1vw - 3.2px) * 1.015), 33px);text-transform:uppercase\">A orillas del lago<\/p>\n\n\n<a class=\"is-style-lien-cover wp-block-read-more\" href=\"https:\/\/www.koukano.fr\/es\/camping-tarn\/camping-a-orillas-del-lago\/\" target=\"_self\">Leer m\u00e1s<span class=\"screen-reader-text\">: A orillas del lago<\/span><\/a>\n<\/li><li data-wp-key=\"post-template-item-6497\" class=\"wp-block-post post-6497 page type-page status-publish has-post-thumbnail hentry\">\n\n<figure class=\"wp-block-image\"><img decoding=\"async\" src=\"https:\/\/www.koukano.fr\/wp-content\/uploads\/2025\/12\/Gorges-du-Tarn-1.jpg\" alt=\"\"\/><\/figure>\n\n\n\n<p class=\"maillage-title has-base-2-color has-text-color has-link-color has-righteous-font-family wp-elements-993673a9ba0e25265c168c6f68d27d3c\" style=\"font-size:clamp(20.515px, 1.282rem + ((1vw - 3.2px) * 1.015), 33px);text-transform:uppercase\">Gargantas del Tarn<\/p>\n\n\n<a class=\"is-style-lien-cover wp-block-read-more\" href=\"https:\/\/www.koukano.fr\/es\/camping-tarn\/gargantas-del-tarn\/\" target=\"_self\">Leer m\u00e1s<span class=\"screen-reader-text\">: Gargantas del Tarn<\/span><\/a>\n<\/li><li data-wp-key=\"post-template-item-6470\" class=\"wp-block-post post-6470 page type-page status-publish has-post-thumbnail hentry\">\n\n<figure class=\"wp-block-image\"><img decoding=\"async\" src=\"https:\/\/www.koukano.fr\/wp-content\/uploads\/2025\/12\/location-lodges-et-chalets-gorges-du-tarn.jpg\" alt=\"\"\/><\/figure>\n\n\n\n<p class=\"maillage-title has-base-2-color has-text-color has-link-color has-righteous-font-family wp-elements-993673a9ba0e25265c168c6f68d27d3c\" style=\"font-size:clamp(20.515px, 1.282rem + ((1vw - 3.2px) * 1.015), 33px);text-transform:uppercase\">Casas m\u00f3viles<\/p>\n\n\n<a class=\"is-style-lien-cover wp-block-read-more\" href=\"https:\/\/www.koukano.fr\/es\/camping-tarn\/gargantas-del-tarn\/casa-movil\/\" target=\"_self\">Leer m\u00e1s<span class=\"screen-reader-text\">: MH Gargantas del Tarn<\/span><\/a>\n<\/li><\/ul><\/div>\n<\/section>\n","protected":false},"excerpt":{"rendered":"<p>Le Koukano, un camping barato en las Gargantas del Tarn Para tus pr\u00f3ximas vacaciones, d\u00e9jate tentar por unas vacaciones promocionales en un camping barato de 4 estrellas en las Gargantas del Tarn. En el Domaine du Koukano****, la calidad est\u00e1 al alcance de todos, con servicios de alta gama a precios asequibles. Comodidad, amabilidad y [&hellip;]<\/p>\n","protected":false},"author":1,"featured_media":3407,"parent":6497,"menu_order":0,"comment_status":"closed","ping_status":"closed","template":"wp-custom-template-pages-camping","meta":{"_seopress_robots_primary_cat":"","_seopress_titles_title":"Camping barato en las Gargantas del Tarn: vacaciones de camping a precios bajos en las Gargantas del Tarn desde 290","_seopress_titles_desc":"Descubre nuestro camping barato en las Gargantas del Tarn: alojamiento confortable, naturaleza virgen, actividades para todos. \u00a1Reserva ya tu estancia! ","_seopress_robots_index":"","inline_featured_image":false,"gt_fse_maillage_image":"https:\/\/www.koukano.fr\/wp-content\/uploads\/2025\/12\/mobil-homes-location-tarn-1-e1765272567389.jpg","gt_fse_maillage_titre":"Ofertas","gt_fse_maillage_alt":"Gargantas del Tarn baratas  ","gt_fse_maillage_resume":"","footnotes":""},"categories":[],"tags":[],"class_list":["post-6481","page","type-page","status-publish","has-post-thumbnail","hentry"],"_links":{"self":[{"href":"https:\/\/www.koukano.fr\/es\/wp-json\/wp\/v2\/pages\/6481","targetHints":{"allow":["GET"]}}],"collection":[{"href":"https:\/\/www.koukano.fr\/es\/wp-json\/wp\/v2\/pages"}],"about":[{"href":"https:\/\/www.koukano.fr\/es\/wp-json\/wp\/v2\/types\/page"}],"author":[{"embeddable":true,"href":"https:\/\/www.koukano.fr\/es\/wp-json\/wp\/v2\/users\/1"}],"replies":[{"embeddable":true,"href":"https:\/\/www.koukano.fr\/es\/wp-json\/wp\/v2\/comments?post=6481"}],"version-history":[{"count":10,"href":"https:\/\/www.koukano.fr\/es\/wp-json\/wp\/v2\/pages\/6481\/revisions"}],"predecessor-version":[{"id":7714,"href":"https:\/\/www.koukano.fr\/es\/wp-json\/wp\/v2\/pages\/6481\/revisions\/7714"}],"up":[{"embeddable":true,"href":"https:\/\/www.koukano.fr\/es\/wp-json\/wp\/v2\/pages\/6497"}],"wp:featuredmedia":[{"embeddable":true,"href":"https:\/\/www.koukano.fr\/es\/wp-json\/wp\/v2\/media\/3407"}],"wp:attachment":[{"href":"https:\/\/www.koukano.fr\/es\/wp-json\/wp\/v2\/media?parent=6481"}],"wp:term":[{"taxonomy":"category","embeddable":true,"href":"https:\/\/www.koukano.fr\/es\/wp-json\/wp\/v2\/categories?post=6481"},{"taxonomy":"post_tag","embeddable":true,"href":"https:\/\/www.koukano.fr\/es\/wp-json\/wp\/v2\/tags?post=6481"}],"curies":[{"name":"wp","href":"https:\/\/api.w.org\/{rel}","templated":true}]}}