{"id":6385,"date":"2025-12-01T16:21:22","date_gmt":"2025-12-01T15:21:22","guid":{"rendered":"https:\/\/koukano.geek-tonic.dev\/politique-de-confidentialite\/"},"modified":"2026-01-06T14:07:37","modified_gmt":"2026-01-06T13:07:37","slug":"politique-de-confidentialite","status":"publish","type":"page","link":"https:\/\/www.koukano.fr\/es\/politique-de-confidentialite\/","title":{"rendered":"Pol\u00edtica de privacidad"},"content":{"rendered":"\n<div class=\"wp-block-group home-one home-one-groupe has-contrast-2-color has-text-color has-link-color wp-elements-379994bd3ce518c20a7b5e0f0601b2e2 has-global-padding is-content-justification-left is-layout-constrained wp-container-core-group-is-layout-cefa7fa6 wp-block-group-is-layout-constrained\" style=\"border-top-left-radius:30px;border-top-right-radius:30px;margin-top:-1.5em;padding-top:var(--wp--preset--spacing--60);padding-bottom:var(--wp--preset--spacing--60)\">\n<h1 class=\"wp-block-heading has-custom-color-4-color has-text-color has-link-color wp-elements-f0fdf3331730e73bcc43103469cb3785\" style=\"text-transform:uppercase\"><strong>POL\u00cdTICA DE PRIVACIDAD<\/strong> <\/h1>\n\n\n\n<p class=\"bottom\" style=\"margin-top:0rem\">Esta Pol\u00edtica de Privacidad describe los datos personales que se recogen o generan (procesan) cuando utilizas el sitio web. Esta Pol\u00edtica de Privacidad describe los tipos de datos personales que se recogen cuando utilizas nuestro sitio web y c\u00f3mo se utilizan, comparten y protegen tus datos personales. Tambi\u00e9n explica las opciones que tienes con respecto a tus datos personales y c\u00f3mo ponerte en contacto con nosotros.  <\/p>\n\n\n\n<h2 class=\"wp-block-heading has-text-align-left montagne has-custom-color-4-color has-text-color\">\u00cdndice<\/h2>\n\n\n\n<ul style=\"text-decoration:underline\" class=\"wp-block-list ls-list ls-list-undefined has-contrast-2-color has-text-color has-link-color wp-elements-e13d4c2c282549ed09a11ec80a5bff28\">\n<li class=\"has-contrast-2-color has-text-color has-link-color wp-elements-69055aeb1984387a4b410f07ff56f038\"><a href=\"#gdpr-1\">\u00bfQui\u00e9nes somos?<\/a><\/li>\n\n\n\n<li class=\"has-contrast-2-color has-text-color has-link-color wp-elements-98f69142a4623e3f2264b53303b6b7bf\"><a href=\"#gdpr-2\">Uso de los datos personales recogidos<\/a><\/li>\n\n\n\n<li class=\"has-contrast-2-color has-text-color has-link-color wp-elements-64b0f89df499d6a1fa4dacd4f2ec35ca\"><a href=\"#gdpr-3\">Comentarios<\/a><\/li>\n\n\n\n<li class=\"has-contrast-2-color has-text-color has-link-color wp-elements-7e12fee1f60d0b657d6ece1b6aaa22b0\"><a href=\"#gdpr-4\">Medios de comunicaci\u00f3n<\/a><\/li>\n\n\n\n<li class=\"has-contrast-2-color has-text-color has-link-color wp-elements-5f0278f58cf4600995286335a09367d6\"><a href=\"#gdpr-5\">Formularios de contacto<\/a><\/li>\n\n\n\n<li class=\"has-contrast-2-color has-text-color has-link-color wp-elements-5e6734cfa6cdea2e3e44f0faef0a4522\"><a href=\"#gdpr-6\">Uso de cookies<\/a><\/li>\n\n\n\n<li class=\"has-contrast-2-color has-text-color has-link-color wp-elements-d79d372028747a4e766ecd0360de2f88\"><a href=\"#gdpr-7\">Estad\u00edsticas y medici\u00f3n de audiencias<\/a><\/li>\n\n\n\n<li class=\"has-contrast-2-color has-text-color has-link-color wp-elements-7771fc5d87f154244f42675f1de67f9a\"><a href=\"https:\/\/www.koukano.fr\/es\/politique-de-confidentialite\/#gdpr-8\">Periodos de almacenamiento de tus datos<\/a><\/li>\n\n\n\n<li class=\"has-contrast-2-color has-text-color has-link-color wp-elements-90b0ef1287a9cc9e65a5ce0e28321828\"><a href=\"#gdpr-9\">Los derechos que tienes sobre tus datos<\/a><\/li>\n\n\n\n<li class=\"has-contrast-2-color has-text-color has-link-color wp-elements-d870bec3b787c51f34521b1b507bcfee\"><a href=\"#gdpr-10\">Transmisi\u00f3n de tus datos personales<\/a><\/li>\n\n\n\n<li class=\"has-contrast-2-color has-text-color has-link-color wp-elements-f93171c84a0afe940f07662e7cffe19d\"><a href=\"#gdpr-11\">C\u00f3mo protegemos tus datos<\/a><\/li>\n\n\n\n<li class=\"has-contrast-2-color has-text-color has-link-color wp-elements-d649a54ca6295e4e05322ebe71b0cc34\"><a href=\"#gdpr-12\">Informaci\u00f3n de contacto<\/a><\/li>\n<\/ul>\n\n\n\n<h2 class=\"wp-block-heading montagne has-custom-color-4-color has-text-color\" id=\"gdpr-1\">\u00bfQui\u00e9nes somos?<\/h2>\n\n\n\n<p class=\"ls-paragraph\">Desc\u00fabrelo todo sobre nosotros en la p\u00e1gina <a href=\"https:\/\/www.koukano.fr\/es\/informacion-legal\/\" data-type=\"page\" data-id=\"1023\">de informaci\u00f3n legal<\/a>.<\/p>\n\n\n\n<h2 class=\"wp-block-heading montagne has-custom-color-4-color has-text-color\" id=\"gdpr-2\">Uso de los datos personales recogidos<\/h2>\n\n\n\n<p class=\"ls-paragraph\">No recopilamos autom\u00e1tica y directamente ning\u00fan dato sobre ti.<\/p>\n\n\n\n<p class=\"ls-paragraph\">No obstante, podemos recopilar informaci\u00f3n, incluida informaci\u00f3n personal, de terceros (v\u00e9ase la secci\u00f3n <a href=\"#gdpr-5\" data-type=\"internal\" data-id=\"#gdpr-5\">Cookies<\/a>).<\/p>\n\n\n\n<h2 class=\"wp-block-heading montagne has-custom-color-4-color has-text-color\" id=\"gdpr-3\">Comentarios<\/h2>\n\n\n\n<p class=\"ls-paragraph\">Cuando dejas un comentario en nuestro sitio web, se recogen los datos introducidos en el formulario de comentarios, tu direcci\u00f3n IP y el agente de usuario de tu navegador para ayudarnos a detectar comentarios no deseados.<\/p>\n\n\n\n<p class=\"ls-paragraph\">Se puede enviar una cadena anonimizada creada a partir de tu direcci\u00f3n de correo electr\u00f3nico (tambi\u00e9n conocida como hash) al servicio Gravatar para comprobar si lo est\u00e1s utilizando. Las cl\u00e1usulas de confidencialidad del servicio Gravatar est\u00e1n disponibles <a href=\"https:\/\/automattic.com\/privacy\/\">en https:\/\/automattic.com\/privacy\/.<\/a> Una vez validado tu comentario, tu foto de perfil ser\u00e1 visible p\u00fablicamente junto a tu comentario.  <\/p>\n\n\n\n<h2 class=\"wp-block-heading montagne has-custom-color-4-color has-text-color\" id=\"gdpr-4\">Medios de comunicaci\u00f3n<\/h2>\n\n\n\n<p class=\"ls-paragraph\">Si eres un usuario registrado y subes im\u00e1genes al sitio web, te aconsejamos que evites subir im\u00e1genes que contengan datos EXIF de coordenadas GPS. Los visitantes de tu sitio web pueden descargar y extraer datos de localizaci\u00f3n de estas im\u00e1genes. <\/p>\n\n\n\n<h2 class=\"wp-block-heading montagne has-custom-color-4-color has-text-color\" id=\"gdpr-5\">Formularios de contacto<\/h2>\n\n\n\n<p class=\"ls-paragraph\">Puedes optar por facilitarnos informaci\u00f3n al rellenar un formulario. Esta informaci\u00f3n se nos enviar\u00e1 por correo electr\u00f3nico y no se almacenar\u00e1 m\u00e1s que en nuestro servicio de correo electr\u00f3nico; se utilizar\u00e1 con el \u00fanico fin de responder a tu solicitud. Si es probable que la informaci\u00f3n se utilice con fines comerciales, se indicar\u00e1 al final del formulario. Siempre te pediremos tu consentimiento cuando recojamos informaci\u00f3n a trav\u00e9s de un formulario.  <\/p>\n\n\n\n<h2 class=\"wp-block-heading montagne has-custom-color-4-color has-text-color\" id=\"gdpr-6\">Uso de cookies<\/h2>\n\n\n\n<p class=\"ls-paragraph\"><strong>\u00bfQu\u00e9 es una galleta?<\/strong><br\/>Una cookie es un peque\u00f1o archivo de datos que se transfiere a tu dispositivo y se almacena en \u00e9l. En t\u00e9rminos pr\u00e1cticos, una cookie nos permite, por ejemplo, reconocer tu navegador, tu idioma o almacenar tus preferencias.<br\/>En nuestro sitio se utilizan dos tipos de cookies: \u00abcookies de sesi\u00f3n\u00bb y \u00abcookies persistentes\u00bb. Las cookies de sesi\u00f3n caducan cuando cierras el navegador, mientras que las cookies persistentes permanecen en tu dispositivo una vez cerrado el navegador y pueden volver a utilizarse la pr\u00f3xima vez que visites nuestro sitio.  <\/p>\n\n\n\n<p class=\"ls-paragraph\">M\u00e1s informaci\u00f3n en <a href=\"https:\/\/allaboutcookies.org\/fr\" data-type=\"link\" data-id=\"https:\/\/allaboutcookies.org\/fr\">allaboutcookies.org<\/a>.<\/p>\n\n\n\n<p class=\"ls-paragraph\"><strong>Nuestras cookies<\/strong><\/p>\n\n\n\n<p class=\"ls-paragraph\">Si dejas un comentario en nuestro sitio, se te pedir\u00e1 que guardes tu nombre, direcci\u00f3n de correo electr\u00f3nico y sitio web en cookies. Esto es puramente para tu comodidad, para que no tengas que introducir esta informaci\u00f3n si dejas otro comentario m\u00e1s adelante. Estas cookies caducan al cabo de un a\u00f1o.  <\/p>\n\n\n\n<p class=\"ls-paragraph\">Si tienes una cuenta y te conectas a este sitio, se crear\u00e1 una cookie temporal para determinar si tu navegador acepta cookies. No contiene ning\u00fan dato personal y se borrar\u00e1 autom\u00e1ticamente cuando cierres tu navegador. <\/p>\n\n\n\n<p class=\"ls-paragraph\">Cuando te conectes, estableceremos una serie de cookies para registrar tu informaci\u00f3n de conexi\u00f3n y tus preferencias de pantalla. La duraci\u00f3n de una cookie de conexi\u00f3n es de dos d\u00edas, la de una cookie de opci\u00f3n de pantalla es de un a\u00f1o. Si marcas \u00abRecordarme\u00bb, tu cookie de conexi\u00f3n se conservar\u00e1 durante quince d\u00edas. Si cierras la sesi\u00f3n de tu cuenta, se borrar\u00e1 la cookie de conexi\u00f3n.   <\/p>\n\n\n\n<p class=\"ls-paragraph\">Al modificar o publicar un art\u00edculo, se almacenar\u00e1 una cookie adicional en tu navegador. Esta cookie no contiene ning\u00fan dato personal. Simplemente indica el identificador del art\u00edculo que acabas de modificar. Caduca al cabo de un d\u00eda.   <\/p>\n\n\n\n<p class=\"ls-paragraph\"><strong>Cookies de terceros<\/strong><\/p>\n\n\n\n<p class=\"ls-paragraph\">Los art\u00edculos de este sitio pueden incluir contenido incrustado (por ejemplo, v\u00eddeos, im\u00e1genes, art\u00edculos, etc.). El contenido incrustado de otros sitios se comporta de la misma manera que si el visitante estuviera visitando ese otro sitio. <\/p>\n\n\n\n<p class=\"ls-paragraph\">Estos sitios web pueden recopilar datos sobre ti, utilizar cookies, incrustar herramientas de seguimiento de terceros y rastrear tus interacciones con este contenido incrustado si tienes una cuenta conectada a su sitio web.<\/p>\n\n\n\n<p class=\"ls-paragraph\">Podemos autorizar a determinados socios comerciales a instalar tecnolog\u00edas en nuestro sitio. Estos socios utilizan estas tecnolog\u00edas para ayudarnos a analizar c\u00f3mo utilizas el sitio, por ejemplo, tomando nota de los servicios de terceros a trav\u00e9s de los cuales llegaste a la Plataforma, para comercializar y promocionar nuestros servicios en nuestro sitio y en sitios web de terceros, para ayudarnos a detectar y prevenir el fraude o realizar evaluaciones de riesgo, o para recopilar informaci\u00f3n sobre tus actividades en el sitio web. <\/p>\n\n\n\n<p class=\"ls-paragraph\">Nuestro sitio web puede utilizar plugins sociales proporcionados y gestionados por terceras empresas, como el bot\u00f3n \u00abMe gusta\u00bb de Facebook. Como resultado, puedes enviar al tercero la informaci\u00f3n que ves en una secci\u00f3n concreta de nuestro sitio. Si no has iniciado sesi\u00f3n en tu cuenta con el tercero, \u00e9ste no sabr\u00e1 qui\u00e9n eres. Si has iniciado sesi\u00f3n en tu cuenta con el tercero, \u00e9ste podr\u00e1 vincular la informaci\u00f3n o las acciones relacionadas con tus interacciones con nuestro sitio a tu cuenta con el tercero. Consulta la pol\u00edtica de privacidad del tercero para obtener m\u00e1s informaci\u00f3n sobre sus pr\u00e1cticas en materia de datos.    <\/p>\n\n\n\n<p class=\"ls-paragraph\">La lista de cookies de terceros utilizadas en este sitio est\u00e1 disponible en el <a href=\"#moove_gdpr_cookie_modal\">panel de gesti\u00f3n de cookies<\/a>.<\/p>\n\n\n\n<h2 class=\"wp-block-heading montagne has-custom-color-4-color has-text-color\" id=\"gdpr-7\">Estad\u00edsticas y medici\u00f3n de audiencias<\/h2>\n\n\n\n<p class=\"ls-paragraph\">En t\u00e9rminos de an\u00e1lisis, utilizamos Google Analytics para obtener informaci\u00f3n sobre el uso de nuestro sitio web con el fin de mejorarlo. Se puede desactivar a trav\u00e9s del <a href=\"#moove_gdpr_cookie_modal\">panel de gesti\u00f3n de cookies<\/a>. <\/p>\n\n\n\n<p class=\"ls-paragraph\">Para evitar que Google Analytics utilice tu informaci\u00f3n con fines de an\u00e1lisis, tambi\u00e9n puedes instalar el complemento de desactivaci\u00f3n de Google Analytics para navegadores haciendo clic <a href=\"https:\/\/tools.google.com\/dlpage\/gaoptout\" rel=\"noreferrer noopener\" target=\"_blank\">aqu\u00ed<\/a>. Ten en cuenta que no tenemos ning\u00fan control sobre este enlace de desactivaci\u00f3n y no somos responsables de la disponibilidad o exactitud de este mecanismo. Consulta <a href=\"https:\/\/support.google.com\/analytics\/answer\/6004245\" rel=\"noreferrer noopener\" target=\"_blank\">esta documentaci\u00f3n<\/a> para obtener m\u00e1s informaci\u00f3n.<\/p>\n\n\n\n<h2 class=\"wp-block-heading montagne has-custom-color-4-color has-text-color\" id=\"gdpr-8\">Periodos de almacenamiento de tus datos<\/h2>\n\n\n\n<p class=\"ls-paragraph\">Si dejas un comentario, el comentario y sus metadatos se conservan indefinidamente. Esto permite que los comentarios posteriores sean reconocidos y aprobados autom\u00e1ticamente, en lugar de quedar en la cola de moderaci\u00f3n. <\/p>\n\n\n\n<p class=\"ls-paragraph\">Para los usuarios que se registran en nuestro sitio (cuando es posible), tambi\u00e9n almacenamos los datos personales indicados en su perfil. Todos los usuarios pueden ver, modificar o eliminar su informaci\u00f3n personal en cualquier momento (a excepci\u00f3n de su nombre de usuario). Los administradores del sitio tambi\u00e9n pueden ver y modificar esta informaci\u00f3n.  <\/p>\n\n\n\n<h2 class=\"wp-block-heading montagne has-custom-color-4-color has-text-color\" id=\"gdpr-9\">Los derechos que tienes sobre tus datos<\/h2>\n\n\n\n<p class=\"ls-paragraph\">Si tienes una cuenta o si has dejado comentarios en el sitio, puedes solicitar que te enviemos un archivo con todos los datos personales que tenemos sobre ti, incluidos los que nos has facilitado. Tambi\u00e9n puedes solicitar la supresi\u00f3n de tus datos personales. Esto no incluye los datos almacenados con fines administrativos, legales o de seguridad.  <\/p>\n\n\n\n<h2 class=\"wp-block-heading montagne has-custom-color-4-color has-text-color\" id=\"gdpr-10\">Transmisi\u00f3n de tus datos personales<\/h2>\n\n\n\n<p class=\"ls-paragraph\">Los comentarios de los visitantes pueden comprobarse mediante un servicio automatizado para detectar comentarios no deseados<br\/>Todos los datos personales que tratamos se procesan dentro de la Uni\u00f3n Europea.<\/p>\n\n\n\n<h2 class=\"wp-block-heading montagne has-custom-color-4-color has-text-color\" id=\"gdpr-11\">C\u00f3mo protegemos tus datos<\/h2>\n\n\n\n<p class=\"ls-paragraph\">Implementamos y actualizamos constantemente <strong>la seguridad<\/strong> del sitio para proteger tu informaci\u00f3n contra el acceso no autorizado, la p\u00e9rdida, la destrucci\u00f3n o la alteraci\u00f3n. Por tanto, trabajamos para que tus datos sean lo m\u00e1s invulnerables posible. Como Internet no es un entorno 100% seguro, no podemos garantizar plenamente la seguridad de la transmisi\u00f3n o almacenamiento de tu informaci\u00f3n.  <\/p>\n\n\n\n<h2 class=\"wp-block-heading montagne has-custom-color-4-color has-text-color\" id=\"gdpr-12\">Informaci\u00f3n de contacto<\/h2>\n\n\n\n<p class=\"ls-paragraph\">Si tienes alguna solicitud o pregunta sobre tus datos personales, ponte en contacto con nosotros en rgpd@geek-tonic.com. Encontrar\u00e1s otros datos de contacto en nuestro <a href=\"https:\/\/www.koukano.fr\/es\/informacion-legal\/\" data-type=\"page\" data-id=\"1023\">aviso legal<\/a>. Ten en cuenta que es posible que te pidamos que verifiques tu identidad antes de tomar cualquier otra medida en relaci\u00f3n con tu solicitud.<\/p>\n<\/div>\n","protected":false},"excerpt":{"rendered":"<p>POL\u00cdTICA DE PRIVACIDAD Esta Pol\u00edtica de Privacidad describe los datos personales que se recogen o generan (procesan) cuando utilizas el sitio web. Esta Pol\u00edtica de Privacidad describe los tipos de datos personales que se recogen cuando utilizas nuestro sitio web y c\u00f3mo se utilizan, comparten y protegen tus datos personales. Tambi\u00e9n explica las opciones que [&hellip;]<\/p>\n","protected":false},"author":1,"featured_media":2759,"parent":0,"menu_order":0,"comment_status":"closed","ping_status":"closed","template":"","meta":{"_seopress_robots_primary_cat":"","_seopress_titles_title":"Pol\u00edtica de privacidad","_seopress_titles_desc":"Consulta la pol\u00edtica de privacidad del Domaine du Koukano: protecci\u00f3n de tus datos personales, seguridad y respeto de tu intimidad.","_seopress_robots_index":"yes","inline_featured_image":false,"gt_fse_maillage_image":"https:\/\/www.koukano.fr\/wp-content\/uploads\/2025\/11\/village-vacances-camping-4-etoiles-dans-le-Tarn-en-bord-de-lac.jpg","gt_fse_maillage_titre":"pol\u00edtica de privacidad","gt_fse_maillage_alt":"pol\u00edtica de privacidad","gt_fse_maillage_resume":"","footnotes":""},"categories":[],"tags":[],"class_list":["post-6385","page","type-page","status-publish","has-post-thumbnail","hentry"],"_links":{"self":[{"href":"https:\/\/www.koukano.fr\/es\/wp-json\/wp\/v2\/pages\/6385","targetHints":{"allow":["GET"]}}],"collection":[{"href":"https:\/\/www.koukano.fr\/es\/wp-json\/wp\/v2\/pages"}],"about":[{"href":"https:\/\/www.koukano.fr\/es\/wp-json\/wp\/v2\/types\/page"}],"author":[{"embeddable":true,"href":"https:\/\/www.koukano.fr\/es\/wp-json\/wp\/v2\/users\/1"}],"replies":[{"embeddable":true,"href":"https:\/\/www.koukano.fr\/es\/wp-json\/wp\/v2\/comments?post=6385"}],"version-history":[{"count":2,"href":"https:\/\/www.koukano.fr\/es\/wp-json\/wp\/v2\/pages\/6385\/revisions"}],"predecessor-version":[{"id":7824,"href":"https:\/\/www.koukano.fr\/es\/wp-json\/wp\/v2\/pages\/6385\/revisions\/7824"}],"wp:featuredmedia":[{"embeddable":true,"href":"https:\/\/www.koukano.fr\/es\/wp-json\/wp\/v2\/media\/2759"}],"wp:attachment":[{"href":"https:\/\/www.koukano.fr\/es\/wp-json\/wp\/v2\/media?parent=6385"}],"wp:term":[{"taxonomy":"category","embeddable":true,"href":"https:\/\/www.koukano.fr\/es\/wp-json\/wp\/v2\/categories?post=6385"},{"taxonomy":"post_tag","embeddable":true,"href":"https:\/\/www.koukano.fr\/es\/wp-json\/wp\/v2\/tags?post=6385"}],"curies":[{"name":"wp","href":"https:\/\/api.w.org\/{rel}","templated":true}]}}