{"id":6379,"date":"2025-12-01T16:20:15","date_gmt":"2025-12-01T15:20:15","guid":{"rendered":"https:\/\/koukano.geek-tonic.dev\/mentions-legales\/"},"modified":"2026-01-14T10:19:14","modified_gmt":"2026-01-14T09:19:14","slug":"informacion-legal","status":"publish","type":"page","link":"https:\/\/www.koukano.fr\/es\/informacion-legal\/","title":{"rendered":"Informaci\u00f3n legal"},"content":{"rendered":"\n<div class=\"wp-block-group home-one home-one-groupe has-contrast-2-color has-text-color has-link-color wp-elements-4bcc7734f29163a49fb561cd9788bb4b has-global-padding is-content-justification-left is-layout-constrained wp-container-core-group-is-layout-cefa7fa6 wp-block-group-is-layout-constrained\" style=\"border-top-left-radius:30px;border-top-right-radius:30px;margin-top:-1.5em;padding-top:var(--wp--preset--spacing--60);padding-bottom:var(--wp--preset--spacing--60)\">\n<h1 class=\"wp-block-heading has-custom-color-4-color has-text-color has-link-color wp-elements-246a24b9b01ad28a236aa20d0d0c6b7b\" style=\"text-transform:uppercase\"><strong>Informaci\u00f3n legal<\/strong><\/h1>\n\n\n\n<h2 class=\"wp-block-heading has-custom-color-4-color has-text-color has-link-color wp-elements-871bbc11a84c8751e16424cebc6a66b5\">Responsable del sitio <\/h2>\n\n\n\n<p class=\"has-text-align-left bottom\" style=\"margin-top:0rem\"><strong>Empresa: Domaine<\/strong>du Koukano <strong><br\/> Sede social: Lieu dit \u00abCombe Ramond\u00bb &#8211; 81470 Maurens-Scopont<\/strong><br\/>Tel: 06 86 28 36 39 o 06 13 47 37 34<br\/>Siret: 88058883500012<br\/>Sirena: 880 588 835<br\/>C\u00f3digo NAF: 5520Z<br\/>Directores de publicaci\u00f3n: S\u00e9bastien Lange y Corentin Trouv\u00e9<br\/>Dise\u00f1o y producci\u00f3n: Domaine du Koukano <\/p>\n\n\n\n<h2 class=\"wp-block-heading montagne has-custom-color-4-color has-text-color\">PRODUCCI\u00d3N<\/h2>\n\n\n\n<p class=\"has-text-align-left ls__heading\"><strong>GEEK TONIC<\/strong><br\/>Representada por el Sr. Yohan Darmayan en calidad de Gerente<br\/>Domicilio social: 50 AV. DU LAC MARION 64200 BIARRITZ<br\/>Tel: +33 05 32 74 11 52<br\/>Correo electr\u00f3nico: support@geek-tonic.com<br\/>P\u00e1gina web: <a href=\"https:\/\/www.geek-tonic.com\/\">www.geek-tonic.com<\/a><br\/>SIRET: 89746755100015<br\/>APE: 6201Z <\/p>\n\n\n\n<h2 class=\"wp-block-heading has-custom-color-4-color has-text-color has-link-color wp-elements-3a163aaabf278de7a6ee62b0e13b139b\">DERECHOS DE AUTOR Y COPYRIGHT<\/h2>\n\n\n\n<p class=\"has-text-align-left ls__heading\">Todo el contenido de este sitio est\u00e1 sujeto a derechos de autor y propiedad intelectual seg\u00fan la legislaci\u00f3n francesa. Queda prohibida cualquier reproducci\u00f3n (incluidas fotos, iconos y documentos descargables) sin el consentimiento previo de GEEK TONIC. Queda prohibida la reproducci\u00f3n en soporte electr\u00f3nico de todo o parte del sitio en papel o formato electr\u00f3nico. GEEK TONIC declina toda responsabilidad por el contenido del sitio web. GEEK TONIC tambi\u00e9n declina toda responsabilidad en cuanto a los enlaces externos que apunten hacia el presente sitio.   <\/p>\n\n\n\n<h2 class=\"wp-block-heading has-custom-color-4-color has-text-color has-link-color wp-elements-5b43d7bcef28d905461b0dd9d06a387a\" id=\"m-t-6\">DATOS PERSONALES E INFORMACI\u00d3N NOMINATIVA<\/h2>\n\n\n\n<p class=\"has-text-align-left ls-paragraph\">Tienes derecho a acceder, modificar, rectificar y suprimir los datos que te conciernen, de conformidad con el art\u00edculo 34 de la Ley francesa de Protecci\u00f3n de Datos n\u00ba 78-17 de 6 de enero de 1978, modificada el 6 de agosto de 2018. Para ejercer este derecho de acceso, env\u00eda una solicitud por escrito al editor del sitio. <\/p>\n\n\n\n<h2 class=\"wp-block-heading has-custom-color-4-color has-text-color has-link-color wp-elements-9e46f8f70a7197461f24ec83cbfcb2a8\">LEGISLACI\u00d3N<\/h2>\n\n\n\n<p class=\"has-text-align-left ls-paragraph\">De conformidad con la ley de 11 de marzo de 1957 (art. 41) y el c\u00f3digo de la propiedad intelectual de 1 de julio de 1992, est\u00e1 prohibida la reproducci\u00f3n total o parcial del sitio sin autorizaci\u00f3n previa del editor del sitio. Los logotipos, elementos visuales, fotos, v\u00eddeos, cuadros gr\u00e1ficos y textos son propiedad de sus respectivos propietarios. Este sitio puede, sin su conocimiento, haber sido vinculado a otros sitios mediante enlaces hipermedia. El editor del sitio declina toda responsabilidad por la informaci\u00f3n presentada en estos otros sitios. Los usuarios de Internet reconocen que el uso de este sitio se rige por la legislaci\u00f3n francesa.    <\/p>\n<\/div>\n","protected":false},"excerpt":{"rendered":"<p>Informaci\u00f3n legal Responsable del sitio Empresa: Domainedu Koukano Sede social: Lieu dit \u00abCombe Ramond\u00bb &#8211; 81470 Maurens-ScopontTel: 06 86 28 36 39 o 06 13 47 37 34Siret: 88058883500012Sirena: 880 588 835C\u00f3digo NAF: 5520ZDirectores de publicaci\u00f3n: S\u00e9bastien Lange y Corentin Trouv\u00e9Dise\u00f1o y producci\u00f3n: Domaine du Koukano PRODUCCI\u00d3N GEEK TONICRepresentada por el Sr. Yohan Darmayan en [&hellip;]<\/p>\n","protected":false},"author":1,"featured_media":3212,"parent":0,"menu_order":0,"comment_status":"closed","ping_status":"closed","template":"","meta":{"_seopress_robots_primary_cat":"","_seopress_titles_title":"Informaci\u00f3n legal","_seopress_titles_desc":"Informaci\u00f3n legal","_seopress_robots_index":"yes","inline_featured_image":false,"gt_fse_maillage_image":"https:\/\/www.koukano.fr\/wp-content\/uploads\/2025\/12\/alentours-lac-de-Geignes-1.jpg","gt_fse_maillage_titre":"avisos legales","gt_fse_maillage_alt":"avisos legales","gt_fse_maillage_resume":"","footnotes":""},"categories":[],"tags":[],"class_list":["post-6379","page","type-page","status-publish","has-post-thumbnail","hentry"],"_links":{"self":[{"href":"https:\/\/www.koukano.fr\/es\/wp-json\/wp\/v2\/pages\/6379","targetHints":{"allow":["GET"]}}],"collection":[{"href":"https:\/\/www.koukano.fr\/es\/wp-json\/wp\/v2\/pages"}],"about":[{"href":"https:\/\/www.koukano.fr\/es\/wp-json\/wp\/v2\/types\/page"}],"author":[{"embeddable":true,"href":"https:\/\/www.koukano.fr\/es\/wp-json\/wp\/v2\/users\/1"}],"replies":[{"embeddable":true,"href":"https:\/\/www.koukano.fr\/es\/wp-json\/wp\/v2\/comments?post=6379"}],"version-history":[{"count":6,"href":"https:\/\/www.koukano.fr\/es\/wp-json\/wp\/v2\/pages\/6379\/revisions"}],"predecessor-version":[{"id":8021,"href":"https:\/\/www.koukano.fr\/es\/wp-json\/wp\/v2\/pages\/6379\/revisions\/8021"}],"wp:featuredmedia":[{"embeddable":true,"href":"https:\/\/www.koukano.fr\/es\/wp-json\/wp\/v2\/media\/3212"}],"wp:attachment":[{"href":"https:\/\/www.koukano.fr\/es\/wp-json\/wp\/v2\/media?parent=6379"}],"wp:term":[{"taxonomy":"category","embeddable":true,"href":"https:\/\/www.koukano.fr\/es\/wp-json\/wp\/v2\/categories?post=6379"},{"taxonomy":"post_tag","embeddable":true,"href":"https:\/\/www.koukano.fr\/es\/wp-json\/wp\/v2\/tags?post=6379"}],"curies":[{"name":"wp","href":"https:\/\/api.w.org\/{rel}","templated":true}]}}